{"id":200,"date":"2022-12-15T20:44:22","date_gmt":"2022-12-15T20:44:22","guid":{"rendered":"https:\/\/escuelafatima-quevedo.com\/sitioweb\/?page_id=200"},"modified":"2025-01-06T17:39:30","modified_gmt":"2025-01-06T17:39:30","slug":"grupo-de-trabajo","status":"publish","type":"page","link":"https:\/\/escuelafatima-quevedo.com\/sitioweb\/grupo-de-trabajo\/","title":{"rendered":"Grupo de trabajo"},"content":{"rendered":"\n\n\n\n<h4>Familia F\u00e1tima<\/h4>\n<h6>&nbsp;Buscamos promover la relaci\u00f3n entre familia y educaci\u00f3n, moldeando los principales valores que acompa\u00f1an durante el crecimiento y desarrollo de las personas; tambi\u00e9n es un pilar fundamental en el proceso de ense\u00f1anza-aprendizaje. Es aqu\u00ed donde reside la importancia de la relaci\u00f3n entre familia y educaci\u00f3n.&nbsp;<\/h6>\n\n\n\n\n\n\n\n<p>EQUIPO DE TRABAJO<\/p>\n\n\n\n<p><br><\/p><p><span style=\"color:#ffffff;\">El departamento de administraci\u00f3n tiene como finalidad garantizar el funcionamiento eficiente y eficaz de la instituci\u00f3n.<\/span><br><\/p>\n\n\n\n\n\n\n\n\n\n\n\n<p style=\"text-align: center;\"><span style=\"color: rgb(255, 255, 255);\"><br><\/span><\/p><p style=\"text-align: center;\"><span style=\"color: rgb(255, 255, 255);\"><br><\/span><\/p>\n\n\n<p style=\"text-align: center;\"><span style=\"color:#ffffff;\">Trabajamos en estrecha colaboraci\u00f3n con las familiar para asegurar el \u00e9xito acad\u00e9mico de sus hijos.<\/span><\/p><span style=\"color: rgb(255, 255, 255);\"><br><\/span><p style=\"text-align: center;\"><span style=\"color: rgb(255, 255, 255);\"><br><\/span><\/p><p style=\"text-align: center;\"><span style=\"color: rgb(255, 255, 255);\"><br><\/span><\/p>\n\n\n<p style=\"text-align: left;\"><span style=\"color: rgb(255, 255, 255);\">Lorem ipsum dolor sit amet, consectetur adipiscing elit, sed do eiusmod tempor incididunt ut labore et dolore magna aliqua.<\/span><\/p><div><br><\/div><div><br><\/div><p style=\"text-align: center;\"><span style=\"color: rgb(255, 255, 255);\">Mark Teant<\/span><\/p>\n\n\n\n\n","protected":false},"excerpt":{"rendered":"","protected":false},"author":1,"featured_media":0,"parent":0,"menu_order":0,"comment_status":"closed","ping_status":"closed","template":"","meta":{"footnotes":""},"class_list":["post-200","page","type-page","status-publish","hentry"],"_links":{"self":[{"href":"https:\/\/escuelafatima-quevedo.com\/sitioweb\/wp-json\/wp\/v2\/pages\/200","targetHints":{"allow":["GET"]}}],"collection":[{"href":"https:\/\/escuelafatima-quevedo.com\/sitioweb\/wp-json\/wp\/v2\/pages"}],"about":[{"href":"https:\/\/escuelafatima-quevedo.com\/sitioweb\/wp-json\/wp\/v2\/types\/page"}],"author":[{"embeddable":true,"href":"https:\/\/escuelafatima-quevedo.com\/sitioweb\/wp-json\/wp\/v2\/users\/1"}],"replies":[{"embeddable":true,"href":"https:\/\/escuelafatima-quevedo.com\/sitioweb\/wp-json\/wp\/v2\/comments?post=200"}],"version-history":[{"count":7,"href":"https:\/\/escuelafatima-quevedo.com\/sitioweb\/wp-json\/wp\/v2\/pages\/200\/revisions"}],"predecessor-version":[{"id":415,"href":"https:\/\/escuelafatima-quevedo.com\/sitioweb\/wp-json\/wp\/v2\/pages\/200\/revisions\/415"}],"wp:attachment":[{"href":"https:\/\/escuelafatima-quevedo.com\/sitioweb\/wp-json\/wp\/v2\/media?parent=200"}],"curies":[{"name":"wp","href":"https:\/\/api.w.org\/{rel}","templated":true}]}}