{"id":2,"date":"2022-12-11T18:15:50","date_gmt":"2022-12-11T18:15:50","guid":{"rendered":"https:\/\/escuelafatima-quevedo.com\/sitioweb\/?page_id=2"},"modified":"2024-12-18T17:40:12","modified_gmt":"2024-12-18T17:40:12","slug":"historia","status":"publish","type":"page","link":"https:\/\/escuelafatima-quevedo.com\/sitioweb\/historia\/","title":{"rendered":"Historia"},"content":{"rendered":"\n\n\n\n\n\n\n\n\n<p><br><\/p>\n<p><br><\/p>\n<p><br><\/p>\n<p><br><\/p>\n<p><br><\/p>\n<p><br><\/p>\n<p><br><\/p>\n<p><br><\/p>\n<p><br><\/p>\n<p><br><\/p>\n<p><br><\/p>\n<p><br><\/p>\n<p><br><\/p>\n\n\n\n\n\n\n\n\n\n\n<p class=\"MsoNoSpacing\" style=\"margin-left:17.0pt;text-align:justify\"><span style=\"font-family:&quot;Comic Sans MS&quot;\">HISTORIA<br><\/span><\/p>\n<p class=\"MsoNoSpacing\" style=\"margin-left:17.0pt;text-align:justify\"><span style=\"font-family:&quot;Comic Sans MS&quot;\">La&nbsp; Escuela\nParticular de ni\u00f1as \u201cNuestra Se\u00f1ora de F\u00e1tima\u201d tiene 74 a\u00f1os de vida. Fue\ncreada el 17 de abril de 1950 por un equipo de Misioneras Seculares, que\nvinieron desde Espa\u00f1a para colaborar con la Obra Misionera de la entonces\nPrelatura de Los R\u00edos, en los sectores de Salud y Educaci\u00f3n. <o:p><\/o:p><\/span><\/p><p class=\"MsoNoSpacing\" style=\"margin-left:17.0pt;text-align:justify\"><span style=\"font-family:&quot;Comic Sans MS&quot;\">&nbsp;<o:p><\/o:p><\/span><\/p><p class=\"MsoNoSpacing\" style=\"margin-left:17.0pt;text-align:justify\"><span style=\"font-family:&quot;Comic Sans MS&quot;\">Hace nueve a\u00f1os tuvimos la alegr\u00eda de celebrar\nlos 60&nbsp;&nbsp; (Bodas de Diamante) a\u00f1os de\nservicio a la ni\u00f1ez femenina de Quevedo. <o:p><\/o:p><\/span><\/p><p class=\"MsoNoSpacing\" style=\"margin-left:17.0pt;text-align:justify\"><span style=\"font-family:&quot;Comic Sans MS&quot;\">&nbsp;<\/span><\/p><p class=\"MsoNoSpacing\" style=\"margin-left:17.0pt;text-align:justify\"><span style=\"font-family:&quot;Comic Sans MS&quot;\">La Escuela Hogar \u201cNuestra Se\u00f1ora de\nF\u00e1tima\u201d&nbsp; comenz\u00f3 a funcionar en el local\nde la South American Development Company, en la hacienda de San Camilo; en el\nCurso escolar 1.950-1.951 con una matr\u00edcula de 70 alumnas. La primera Directora\nfue la Misionera Ignacia Guridi, Lcda. en Filosof\u00eda y Letras.<o:p><\/o:p><\/span><\/p><p class=\"MsoNoSpacing\" style=\"margin-top:0cm;margin-right:-.05pt;margin-bottom:\n0cm;margin-left:17.0pt;margin-bottom:.0001pt;text-align:justify\"><span style=\"font-family:&quot;Comic Sans MS&quot;\">En el a\u00f1o 1955, la escuela se traslad\u00f3 al\ncentro de Quevedo, junto a la Iglesia San Jos\u00e9. Para entonces contaba con una\nmatr\u00edcula de 200 ni\u00f1as, n\u00famero que fue creciendo hasta que se lo estabilizo en\n600 alumnas hasta el a\u00f1o 1998.<o:p><\/o:p><\/span><\/p><p class=\"MsoNoSpacing\" style=\"margin-top:0cm;margin-right:-219.75pt;margin-bottom:\n0cm;margin-left:17.0pt;margin-bottom:.0001pt;text-align:justify\"><span style=\"font-family:&quot;Comic Sans MS&quot;\">&nbsp;<\/span><\/p><p class=\"MsoNoSpacing\" style=\"margin-top:0cm;margin-right:-.1pt;margin-bottom:\n0cm;margin-left:17.0pt;margin-bottom:.0001pt\"><span style=\"font-family:&quot;Comic Sans MS&quot;\">En\nel a\u00f1o 1999 se incrementaron dos aulas de Primer A\u00f1o de Educaci\u00f3n General B\u00e1sica\ncon 72 ni\u00f1as de 5 a\u00f1os. El total de ni\u00f1as de la escuela se distribuyen as\u00ed en\n14 paralelos actualmente cuenta con 16 paralelos.<o:p><\/o:p><\/span><\/p><p class=\"MsoNoSpacing\" style=\"margin-top:0cm;margin-right:-.1pt;margin-bottom:\n0cm;margin-left:17.0pt;margin-bottom:.0001pt\"><span style=\"font-family:&quot;Comic Sans MS&quot;\">&nbsp;<\/span><\/p><p class=\"MsoNoSpacing\" style=\"margin-top:0cm;margin-right:-.1pt;margin-bottom:\n0cm;margin-left:17.0pt;margin-bottom:.0001pt\"><span style=\"font-family:&quot;Comic Sans MS&quot;\">Desde\nsus inicios, la instituci\u00f3n promueve una EDUCACI\u00d3N DE CALIDAD, mediante el\ndesarrollo de todas sus potencialidades, humanizando y personalizando a la\nni\u00f1a, favoreciendo su creatividad, libertad, criticidad y esp\u00edritu comunitario.<o:p><\/o:p><\/span><\/p><p class=\"MsoNoSpacing\" style=\"margin-top:0cm;margin-right:-.1pt;margin-bottom:\n0cm;margin-left:17.0pt;margin-bottom:.0001pt\"><span style=\"font-family:&quot;Comic Sans MS&quot;\">&nbsp;<\/span><\/p><p class=\"MsoNoSpacing\" style=\"margin-top:0cm;margin-right:-.1pt;margin-bottom:\n0cm;margin-left:17.0pt;margin-bottom:.0001pt\"><span style=\"font-family:&quot;Comic Sans MS&quot;\">Siempre\nha intentado aportar una educaci\u00f3n en que la ni\u00f1a asuma su papel de mujer\nconsciente, con una alta autoestima que se proyecte como mujer y busque en\nequidad de g\u00e9nero su misi\u00f3n en el mundo.<o:p><\/o:p><\/span><\/p><p class=\"MsoNoSpacing\" style=\"margin-top:0cm;margin-right:-.1pt;margin-bottom:\n0cm;margin-left:17.0pt;margin-bottom:.0001pt\"><span style=\"font-family:&quot;Comic Sans MS&quot;\">&nbsp;<\/span><\/p><p class=\"MsoNormal\" style=\"text-align:justify\">\n\n\n\n\n\n\n\n\n\n\n\n\n\n\n\n\n\n\n\n\n\n\n\n\n\n<\/p><p class=\"MsoNoSpacing\" style=\"margin-right:-.1pt\"><span style=\"font-size:12.0pt;\nfont-family:&quot;Comic Sans MS&quot;\">&nbsp;Ha sido\nnuestra constante preocupaci\u00f3n, servir a toda la comunidad Quevede\u00f1a, por eso\ndesde el a\u00f1o 1.983 se mantiene en la Escuela el Sistema de \u201cPagos\nDiferenciados\u201d y becas completas, que favorecen a familias de escasos recursos\necon\u00f3micos.<o:p><\/o:p><\/span><\/p>\n\n\n\n\n\n\n\n\n\n\n\n\n\n\n\n<h4>Historia Fatimina<br><\/h4>\n<h4><span style=\"font-family:&quot;Comic Sans MS&quot;\">Misioneras Seculares<\/span><\/h4>\n\n\n<p><span style=\"font-family:&quot;Comic Sans MS&quot;\">La Escuela Hogar \u201cNuestra Se\u00f1ora de\nF\u00e1tima\u201d&nbsp; comenz\u00f3 a funcionar en el local\nde la South American Development Company, en la hacienda de San Camilo.<\/span><\/p>\n\n\n<br>\n\n\n\n\n\n\n","protected":false},"excerpt":{"rendered":"","protected":false},"author":1,"featured_media":0,"parent":0,"menu_order":0,"comment_status":"closed","ping_status":"closed","template":"","meta":{"footnotes":""},"class_list":["post-2","page","type-page","status-publish","hentry"],"_links":{"self":[{"href":"https:\/\/escuelafatima-quevedo.com\/sitioweb\/wp-json\/wp\/v2\/pages\/2","targetHints":{"allow":["GET"]}}],"collection":[{"href":"https:\/\/escuelafatima-quevedo.com\/sitioweb\/wp-json\/wp\/v2\/pages"}],"about":[{"href":"https:\/\/escuelafatima-quevedo.com\/sitioweb\/wp-json\/wp\/v2\/types\/page"}],"author":[{"embeddable":true,"href":"https:\/\/escuelafatima-quevedo.com\/sitioweb\/wp-json\/wp\/v2\/users\/1"}],"replies":[{"embeddable":true,"href":"https:\/\/escuelafatima-quevedo.com\/sitioweb\/wp-json\/wp\/v2\/comments?post=2"}],"version-history":[{"count":22,"href":"https:\/\/escuelafatima-quevedo.com\/sitioweb\/wp-json\/wp\/v2\/pages\/2\/revisions"}],"predecessor-version":[{"id":369,"href":"https:\/\/escuelafatima-quevedo.com\/sitioweb\/wp-json\/wp\/v2\/pages\/2\/revisions\/369"}],"wp:attachment":[{"href":"https:\/\/escuelafatima-quevedo.com\/sitioweb\/wp-json\/wp\/v2\/media?parent=2"}],"curies":[{"name":"wp","href":"https:\/\/api.w.org\/{rel}","templated":true}]}}