{"id":176,"date":"2022-12-15T20:31:27","date_gmt":"2022-12-15T20:31:27","guid":{"rendered":"https:\/\/escuelafatima-quevedo.com\/sitioweb\/?page_id=176"},"modified":"2024-12-11T22:32:44","modified_gmt":"2024-12-11T22:32:44","slug":"vision-mision","status":"publish","type":"page","link":"https:\/\/escuelafatima-quevedo.com\/sitioweb\/vision-mision\/","title":{"rendered":"Visi\u00f3n &#8211; Misi\u00f3n"},"content":{"rendered":"\n\n\n\n<p>misi\u00f3n<\/p>\n\n\n\n\r\n<p style=\"text-align: right;\"><span style=\"font-size: 20px; color: #ffffff;\"><strong style=\"line-height: 1;\">LOREM CORPORATE CEO<\/strong><\/span><\/p>\r\n<p style=\"text-align: center;\"><span style=\"color: #ffffff;\">Duis aute irure dolor in reprehenderit in voluptate velit esse cillum dolore eu fugiat nulla pariatur. Excepteur sint occaecat cupidatat non proident, sunt in culpa qui officia deserunt mollit anim id est laborum.<\/span><\/p>\r\n<p style=\"text-align: left;\">\u00a0 \u00a0 \u00a0 <span style=\"line-height: 2.0;\">Benn Marshall<\/span><\/p>\r\n\n\n\n\r\n<p class=\"MsoNormal\" style=\"text-align: justify;\"><span style=\"font-size: 16.0pt; mso-bidi-font-size: 11.0pt; line-height: 115%;\">Hasta el a\u00f1o 2022 se pretende ampliar la oferta educativa con el bachillerato, para continuar en la formaci\u00f3n de personas con sensibilidad social, humana y cristiana, que act\u00faen como l\u00edderes positivos y desarrollen su propia identidad con esp\u00edritu emprendedor, respetando el entorno natural, teniendo a Jesucristo como centro y fundamento de vida.\u00a0<\/span><\/p>\r\n\n\n\n\n\n\n\n\n<h2>&nbsp; &nbsp; VISI\u00d3N<\/h2>\n\n\n\n\n\nnnnn\n\n\n\r\n<p class=\"MsoNormal\" style=\"text-align: justify;\"><span style=\"font-size: 16pt;\">Hasta el a\u00f1o 2022 se pretende ampliar la oferta educativa con el bachillerato, para continuar en la formaci\u00f3n de personas con sensibilidad social, humana y cristiana, que act\u00faen como l\u00edderes positivos y desarrollen su propia identidad con esp\u00edritu emprendedor, respetando el entorno natural, teniendo a Jesucristo como centro y fundamento de vida.\u00a0<\/span><\/p>\r\n\n\n\n\n\n\n\n","protected":false},"excerpt":{"rendered":"","protected":false},"author":1,"featured_media":0,"parent":0,"menu_order":0,"comment_status":"closed","ping_status":"closed","template":"","meta":{"footnotes":""},"class_list":["post-176","page","type-page","status-publish","hentry"],"_links":{"self":[{"href":"https:\/\/escuelafatima-quevedo.com\/sitioweb\/wp-json\/wp\/v2\/pages\/176","targetHints":{"allow":["GET"]}}],"collection":[{"href":"https:\/\/escuelafatima-quevedo.com\/sitioweb\/wp-json\/wp\/v2\/pages"}],"about":[{"href":"https:\/\/escuelafatima-quevedo.com\/sitioweb\/wp-json\/wp\/v2\/types\/page"}],"author":[{"embeddable":true,"href":"https:\/\/escuelafatima-quevedo.com\/sitioweb\/wp-json\/wp\/v2\/users\/1"}],"replies":[{"embeddable":true,"href":"https:\/\/escuelafatima-quevedo.com\/sitioweb\/wp-json\/wp\/v2\/comments?post=176"}],"version-history":[{"count":3,"href":"https:\/\/escuelafatima-quevedo.com\/sitioweb\/wp-json\/wp\/v2\/pages\/176\/revisions"}],"predecessor-version":[{"id":325,"href":"https:\/\/escuelafatima-quevedo.com\/sitioweb\/wp-json\/wp\/v2\/pages\/176\/revisions\/325"}],"wp:attachment":[{"href":"https:\/\/escuelafatima-quevedo.com\/sitioweb\/wp-json\/wp\/v2\/media?parent=176"}],"curies":[{"name":"wp","href":"https:\/\/api.w.org\/{rel}","templated":true}]}}